{"id":3632,"date":"2026-03-03T08:17:03","date_gmt":"2026-03-03T08:17:03","guid":{"rendered":"https:\/\/bscschool.pl\/?post_type=product&#038;p=3632"},"modified":"2026-03-03T08:32:30","modified_gmt":"2026-03-03T08:32:30","slug":"trening-indywidualny-11-nauka-w-praktyce","status":"publish","type":"product","link":"https:\/\/bscschool.pl\/?product=trening-indywidualny-11-nauka-w-praktyce","title":{"rendered":"Trening Indywidualny 1:1: Nauka w Praktyce"},"content":{"rendered":"<p data-path-to-node=\"2\"><b data-path-to-node=\"2\" data-index-in-node=\"0\">Zdob\u0105d\u017a pewno\u015b\u0107 siebie i zbuduj zgrany zesp\u00f3\u0142 ze swoim psem bezpo\u015brednio na trasie!<\/b><\/p>\n<p data-path-to-node=\"3\">Przejd\u017a od teorii do dzia\u0142ania w swoim w\u0142asnym tempie. Podczas treningu indywidualnego pracujemy na \u017cywo, w terenie. Jako aktywna zawodniczka wiem, \u017ce w sportach zaprz\u0119gowych to detale robi\u0105 najwi\u0119ksz\u0105 r\u00f3\u017cnic\u0119. Pokazuj\u0119, t\u0142umacz\u0119 i na bie\u017c\u0105co koryguj\u0119 Twoj\u0105 technik\u0119 \u2013 tak, aby\u015b czu\u0142a si\u0119 pewnie i bezpiecznie, a Tw\u00f3j pies doskonale rozumia\u0142, czego od niego oczekujesz.<\/p>\n<p data-path-to-node=\"4\"><b data-path-to-node=\"4\" data-index-in-node=\"0\">Nad czym dok\u0142adnie b\u0119dziemy pracowa\u0107?<\/b> Zajmiemy si\u0119 kluczowymi elementami, kt\u00f3re sprawiaj\u0105, \u017ce wsp\u00f3lny wysi\u0142ek staje si\u0119 przyjemno\u015bci\u0105. Skupimy si\u0119 na:<\/p>\n<ul data-path-to-node=\"5\">\n<li>\n<p data-path-to-node=\"5,0,0\"><b data-path-to-node=\"5,0,0\" data-index-in-node=\"0\">Technice:<\/b> Poprawna postawa cia\u0142a podczas jazdy (bikejoring\/scooter) lub biegu (canicross) oraz praca na zakr\u0119tach.<\/p>\n<\/li>\n<li>\n<p data-path-to-node=\"5,1,0\"><b data-path-to-node=\"5,1,0\" data-index-in-node=\"0\">Starcie:<\/b> Opanowanie emocji i wypracowanie skutecznej rutyny startowej.<\/p>\n<\/li>\n<li>\n<p data-path-to-node=\"5,2,0\"><b data-path-to-node=\"5,2,0\" data-index-in-node=\"0\">Komunikacji:<\/b> Wprowadzenie i p\u0142ynne u\u017cywanie podstawowych komend kierunkowych i tempowych.<\/p>\n<\/li>\n<li>\n<p data-path-to-node=\"5,3,0\"><b data-path-to-node=\"5,3,0\" data-index-in-node=\"0\">Motywacji:<\/b> Sposoby na zbudowanie i utrzymanie ch\u0119ci psa do pracy w szelkach.<\/p>\n<\/li>\n<li>\n<p data-path-to-node=\"5,4,0\"><b data-path-to-node=\"5,4,0\" data-index-in-node=\"0\">Rozwoju:<\/b> Spokojne i bezstresowe wprowadzanie nowych element\u00f3w sportowych.<\/p>\n<\/li>\n<\/ul>\n<p data-path-to-node=\"7\"><b data-path-to-node=\"7\" data-index-in-node=\"0\">Szczeg\u00f3\u0142y produktu:<br \/>\nNie potrzebujesz wcze\u015bniejszego do\u015bwiadczenia! Trening dostosowuj\u0119 ca\u0142kowicie do Was. Niezale\u017cnie od tego, czy to Wasze pierwsze kroki, czy chcecie doszlifowa\u0107 technik\u0119 \u2013 wystarczy otwarto\u015b\u0107 i ch\u0119\u0107 do nauki.<br \/>\n<\/b><\/p>\n<ul data-path-to-node=\"8\">\n<li>\n<p data-path-to-node=\"8,0,0\"><b data-path-to-node=\"8,0,0\" data-index-in-node=\"0\">Forma:<\/b> Spotkanie na \u017cywo w terenie (trening 1:1)<\/p>\n<\/li>\n<li>\n<p data-path-to-node=\"8,1,0\"><b data-path-to-node=\"8,1,0\" data-index-in-node=\"0\">Czas trwania:<\/b> ok. 60\u201390 minut<\/p>\n<\/li>\n<li>\n<p data-path-to-node=\"8,2,0\"><b data-path-to-node=\"8,2,0\" data-index-in-node=\"0\">Efekt:<\/b> Lepsza technika, zmotywowany pies i pe\u0142na kontrola nad wsp\u00f3lnym treningiem.<\/p>\n<\/li>\n<\/ul>\n","protected":false},"excerpt":{"rendered":"<p>Zdob\u0105d\u017a pewno\u015b\u0107 siebie i zbuduj zgrany zesp\u00f3\u0142 ze swoim psem bezpo\u015brednio na trasie! Przejd\u017a od teorii do dzia\u0142ania w swoim w\u0142asnym tempie. Podczas treningu indywidualnego pracujemy na \u017cywo, w terenie. Jako aktywna zawodniczka wiem, \u017ce w sportach zaprz\u0119gowych to detale robi\u0105 najwi\u0119ksz\u0105 r\u00f3\u017cnic\u0119. Pokazuj\u0119, t\u0142umacz\u0119 i na bie\u017c\u0105co koryguj\u0119 Twoj\u0105 technik\u0119 \u2013 tak, aby\u015b czu\u0142a si\u0119 pewnie i bezpiecznie, a&hellip;<\/p>\n","protected":false},"featured_media":3636,"comment_status":"open","ping_status":"closed","template":"","meta":[],"product_brand":[],"product_cat":[90],"product_tag":[],"class_list":{"0":"post-3632","1":"product","2":"type-product","3":"status-publish","4":"has-post-thumbnail","6":"product_cat-trening","8":"first","9":"instock","10":"shipping-taxable","11":"purchasable","12":"product-type-simple"},"_links":{"self":[{"href":"https:\/\/bscschool.pl\/index.php?rest_route=\/wp\/v2\/product\/3632","targetHints":{"allow":["GET"]}}],"collection":[{"href":"https:\/\/bscschool.pl\/index.php?rest_route=\/wp\/v2\/product"}],"about":[{"href":"https:\/\/bscschool.pl\/index.php?rest_route=\/wp\/v2\/types\/product"}],"replies":[{"embeddable":true,"href":"https:\/\/bscschool.pl\/index.php?rest_route=%2Fwp%2Fv2%2Fcomments&post=3632"}],"wp:featuredmedia":[{"embeddable":true,"href":"https:\/\/bscschool.pl\/index.php?rest_route=\/wp\/v2\/media\/3636"}],"wp:attachment":[{"href":"https:\/\/bscschool.pl\/index.php?rest_route=%2Fwp%2Fv2%2Fmedia&parent=3632"}],"wp:term":[{"taxonomy":"product_brand","embeddable":true,"href":"https:\/\/bscschool.pl\/index.php?rest_route=%2Fwp%2Fv2%2Fproduct_brand&post=3632"},{"taxonomy":"product_cat","embeddable":true,"href":"https:\/\/bscschool.pl\/index.php?rest_route=%2Fwp%2Fv2%2Fproduct_cat&post=3632"},{"taxonomy":"product_tag","embeddable":true,"href":"https:\/\/bscschool.pl\/index.php?rest_route=%2Fwp%2Fv2%2Fproduct_tag&post=3632"}],"curies":[{"name":"wp","href":"https:\/\/api.w.org\/{rel}","templated":true}]}}