{"id":3631,"date":"2026-03-03T08:03:39","date_gmt":"2026-03-03T08:03:39","guid":{"rendered":"https:\/\/bscschool.pl\/?post_type=product&#038;p=3631"},"modified":"2026-03-03T08:32:32","modified_gmt":"2026-03-03T08:32:32","slug":"konsultacja-online","status":"publish","type":"product","link":"https:\/\/bscschool.pl\/?product=konsultacja-online","title":{"rendered":"Konsultacja online"},"content":{"rendered":"<div id=\"model-response-message-contentr_eae0f7cef49241d1\" class=\"markdown markdown-main-panel stronger enable-updated-hr-color preserve-whitespaces-in-response\" dir=\"ltr\" aria-live=\"polite\" aria-busy=\"false\">\n<h3 data-path-to-node=\"1\"><b data-path-to-node=\"1\" data-index-in-node=\"0\">Indywidualna Konsultacja Online: \u015awiadomy Trening z Psem<\/b><\/h3>\n<p data-path-to-node=\"2\"><b data-path-to-node=\"2\" data-index-in-node=\"0\">Zr\u00f3b pierwszy krok do bezpiecznego i efektywnego sportu ze swoim psem!<\/b><\/p>\n<p data-path-to-node=\"3\">Chcesz rozpocz\u0105\u0107 przygod\u0119 z bikejoringiem, hulajnog\u0105 (scooter) lub canicrossem, ale czujesz zagubienie w g\u0105szczu przypadkowych porad z internetu? Zacznij m\u0105drze i bez chaosu. Zapraszam na indywidualn\u0105 konsultacj\u0119 online, podczas kt\u00f3rej dziel\u0119 si\u0119 swoim do\u015bwiadczeniem zawodniczym i treningowym, dopasowuj\u0105c wskaz\u00f3wki idealnie do Waszego obecnego poziomu.<\/p>\n<p data-path-to-node=\"4\"><b data-path-to-node=\"4\" data-index-in-node=\"0\">Co zyskasz dzi\u0119ki konsultacji?<\/b><\/p>\n<p data-path-to-node=\"4\">Otrzymasz nie tylko teoretyczn\u0105 wiedz\u0119, ale przede wszystkim jasny plan dzia\u0142ania. W spokojnej i wspieraj\u0105cej atmosferze pomog\u0119 Ci ruszy\u0107 do przodu z du\u017co wi\u0119ksz\u0105 pewno\u015bci\u0105 siebie.<\/p>\n<p data-path-to-node=\"5\"><b data-path-to-node=\"5\" data-index-in-node=\"0\">Podczas spotkania szczeg\u00f3\u0142owo om\u00f3wimy:<\/b><\/p>\n<ul data-path-to-node=\"6\">\n<li>\n<p data-path-to-node=\"6,0,0\"><b data-path-to-node=\"6,0,0\" data-index-in-node=\"0\">Fundamenty:<\/b> Bezpieczne wprowadzenie Twojego psa w trening zaprz\u0119gowy.<\/p>\n<\/li>\n<li>\n<p data-path-to-node=\"6,1,0\"><b data-path-to-node=\"6,1,0\" data-index-in-node=\"0\">Rozw\u00f3j:<\/b> Budowanie psiej i Twojej kondycji krok po kroku, bez przeci\u0105\u017ce\u0144.<\/p>\n<\/li>\n<li>\n<p data-path-to-node=\"6,2,0\"><b data-path-to-node=\"6,2,0\" data-index-in-node=\"0\">Praktyk\u0119:<\/b> Poprawn\u0105 technik\u0119 i sposoby na unikanie najcz\u0119stszych b\u0142\u0119d\u00f3w.<\/p>\n<\/li>\n<li>\n<p data-path-to-node=\"6,3,0\"><b data-path-to-node=\"6,3,0\" data-index-in-node=\"0\">Wyposa\u017cenie:<\/b> Profesjonalne doradztwo w doborze bezpiecznego i wygodnego sprz\u0119tu.<\/p>\n<\/li>\n<li>\n<p data-path-to-node=\"6,4,0\"><b data-path-to-node=\"6,4,0\" data-index-in-node=\"0\">Twoje potrzeby:<\/b> Przestrze\u0144 na wszystkie Twoje pytania, obawy i w\u0105tpliwo\u015bci.<\/p>\n<\/li>\n<\/ul>\n<p data-path-to-node=\"8\"><b data-path-to-node=\"8\" data-index-in-node=\"0\">Szczeg\u00f3\u0142y produktu:<br \/>\nAnaliza Twojego treningu: Masz nagranie z Waszej aktywno\u015bci? Prze\u015blij mi sw\u00f3j film z treningu przed nasz\u0105 rozmow\u0105! Wsp\u00f3lnie go przeanalizujemy, co pozwoli na jeszcze dok\u0142adniejsze dopasowanie moich wskaz\u00f3wek do Waszych potrzeb.<br \/>\n<\/b><\/p>\n<ul data-path-to-node=\"9\">\n<li>\n<p data-path-to-node=\"9,0,0\"><b data-path-to-node=\"9,0,0\" data-index-in-node=\"0\">Forma:<\/b> Spotkanie online (wideo)<\/p>\n<\/li>\n<li>\n<p data-path-to-node=\"9,1,0\"><b data-path-to-node=\"9,1,0\" data-index-in-node=\"0\">Czas trwania:<\/b> ok. 40 minut<\/p>\n<\/li>\n<li>\n<p data-path-to-node=\"9,2,0\"><b data-path-to-node=\"9,2,0\" data-index-in-node=\"0\">Efekt:<\/b> Konkretne wskaz\u00f3wki i indywidualny plan dzia\u0142ania dla Ciebie i Twojego psa.<\/p>\n<\/li>\n<\/ul>\n<\/div>\n","protected":false},"excerpt":{"rendered":"<p>Indywidualna Konsultacja Online: \u015awiadomy Trening z Psem Zr\u00f3b pierwszy krok do bezpiecznego i efektywnego sportu ze swoim psem! Chcesz rozpocz\u0105\u0107 przygod\u0119 z bikejoringiem, hulajnog\u0105 (scooter) lub canicrossem, ale czujesz zagubienie w g\u0105szczu przypadkowych porad z internetu? Zacznij m\u0105drze i bez chaosu. Zapraszam na indywidualn\u0105 konsultacj\u0119 online, podczas kt\u00f3rej dziel\u0119 si\u0119 swoim do\u015bwiadczeniem zawodniczym i treningowym, dopasowuj\u0105c wskaz\u00f3wki idealnie do Waszego&hellip;<\/p>\n","protected":false},"featured_media":3637,"comment_status":"open","ping_status":"closed","template":"","meta":[],"product_brand":[],"product_cat":[89],"product_tag":[],"class_list":{"0":"post-3631","1":"product","2":"type-product","3":"status-publish","4":"has-post-thumbnail","6":"product_cat-konsultacje","8":"first","9":"instock","10":"virtual","11":"purchasable","12":"product-type-simple"},"_links":{"self":[{"href":"https:\/\/bscschool.pl\/index.php?rest_route=\/wp\/v2\/product\/3631","targetHints":{"allow":["GET"]}}],"collection":[{"href":"https:\/\/bscschool.pl\/index.php?rest_route=\/wp\/v2\/product"}],"about":[{"href":"https:\/\/bscschool.pl\/index.php?rest_route=\/wp\/v2\/types\/product"}],"replies":[{"embeddable":true,"href":"https:\/\/bscschool.pl\/index.php?rest_route=%2Fwp%2Fv2%2Fcomments&post=3631"}],"wp:featuredmedia":[{"embeddable":true,"href":"https:\/\/bscschool.pl\/index.php?rest_route=\/wp\/v2\/media\/3637"}],"wp:attachment":[{"href":"https:\/\/bscschool.pl\/index.php?rest_route=%2Fwp%2Fv2%2Fmedia&parent=3631"}],"wp:term":[{"taxonomy":"product_brand","embeddable":true,"href":"https:\/\/bscschool.pl\/index.php?rest_route=%2Fwp%2Fv2%2Fproduct_brand&post=3631"},{"taxonomy":"product_cat","embeddable":true,"href":"https:\/\/bscschool.pl\/index.php?rest_route=%2Fwp%2Fv2%2Fproduct_cat&post=3631"},{"taxonomy":"product_tag","embeddable":true,"href":"https:\/\/bscschool.pl\/index.php?rest_route=%2Fwp%2Fv2%2Fproduct_tag&post=3631"}],"curies":[{"name":"wp","href":"https:\/\/api.w.org\/{rel}","templated":true}]}}